{"id":65,"date":"2020-04-19T10:55:10","date_gmt":"2020-04-19T10:55:10","guid":{"rendered":"https:\/\/pruebaconunasonrisa.org\/?page_id=65"},"modified":"2025-02-11T17:24:59","modified_gmt":"2025-02-11T17:24:59","slug":"charlas-y-conferencias","status":"publish","type":"page","link":"https:\/\/pruebaconunasonrisa.org\/index.php\/que-hacemos\/charlas-y-conferencias\/","title":{"rendered":"Charlas y conferencias"},"content":{"rendered":"\n<p class=\"has-medium-font-size\">Desde hace ya mucho tiempo, en \u201cPrueba con una sonrisa\u201d estamos convencidos de que una parte muy importante de la ayuda en lo respectivo al c\u00e1ncer es la <strong>difusi\u00f3n y concienciaci\u00f3n.<\/strong><br><\/p>\n\n\n\n<p>Por ello y siguiendo el ejemplo de otras entidades como <a href=\"http:\/\/www.aaacancer.org\">www.aaacancer.org<\/a> nos hemos propuesto dar a conocer a los m\u00e1s j\u00f3venes en colegios, institutos o \u00e1mbitos de diferentes \u00edndoles las necesidades de los adolescentes y j\u00f3venes con c\u00e1ncer, as\u00ed como todos nuestros valores y los aprendizajes que durante los \u00faltimos a\u00f1os y \u201cgracias\u201d a esta enfermedad hemos ido adquiriendo.<\/p>\n\n\n\n<p><mark>(Palabra clave2: MAGIA)<\/mark><br>Son ya m\u00e1s de cuarenta centros educativos, asociaciones o entidades las que ya se han animado a escucharnos. Y t\u00fa, <strong>\u00bfte animas a conocer nuestra historia? <\/strong><\/p>\n\n\n\n<p class=\"has-large-font-size\">Puedes ver un ejemplo de una de nuestras charlas<br>aqu\u00ed (<a href=\"https:\/\/www.youtube.com\/watch?v=ntX5EqAlru0\">https:\/\/www.youtube.com\/watch?v=ntX5EqAlru0<\/a> )<\/p>\n\n\n\n<p><strong>Algunos centros que han contado con nuestras charlas<\/strong><\/p>\n\n\n\n<ul class=\"wp-block-list\">\n<li>CRA Villay\u00f3n<\/li>\n\n\n\n<li>IES de Nore\u00f1a<\/li>\n\n\n\n<li>IES Cangas del Narcea<\/li>\n\n\n\n<li>IES CONCEJO DE TINEO<\/li>\n\n\n\n<li>C.P. \u00abRam\u00f3n Mu\u00f1oz\u00bb (Luarca)<\/li>\n\n\n\n<li>CRA Pintor \u00c1lvaro Delgado (Luarca)<\/li>\n\n\n\n<li>IES Carmen y Severo Ochoa (Luarca)<\/li>\n\n\n\n<li>Colegio \u00abAuseva\u00bb (Oviedo)<\/li>\n\n\n\n<li>Colegio \u00abAmor de Dios\u00bb (Oviedo)<\/li>\n\n\n\n<li>Espacio 360\u00ba M\u00e1sym\u00e1s (ParquePrincipado)<\/li>\n\n\n\n<li>IES \u00abLa Quintana\u00bb (Langreo)<\/li>\n\n\n\n<li>C.P. \u00abXentiquina\u00bb (Lieres)<\/li>\n\n\n\n<li>I.E.S. \u00abPen\u00f1amayor\u00bb (Nava)<\/li>\n\n\n\n<li>C.P. \u00abTuriellos\u00bb (La Felguera).<\/li>\n\n\n\n<li>I.E.S. \u00abLlanera\u00bb (Llanera)<\/li>\n\n\n\n<li>&#8230;.<\/li>\n<\/ul>\n\n\n\n<figure class=\"wp-block-image size-large\"><img loading=\"lazy\" decoding=\"async\" width=\"684\" height=\"637\" src=\"https:\/\/pruebaconunasonrisa.org\/wp-content\/uploads\/2025\/02\/image.png\" alt=\"\" class=\"wp-image-145\" srcset=\"https:\/\/pruebaconunasonrisa.org\/wp-content\/uploads\/2025\/02\/image.png 684w, https:\/\/pruebaconunasonrisa.org\/wp-content\/uploads\/2025\/02\/image-300x279.png 300w, https:\/\/pruebaconunasonrisa.org\/wp-content\/uploads\/2025\/02\/image-24x22.png 24w, https:\/\/pruebaconunasonrisa.org\/wp-content\/uploads\/2025\/02\/image-36x34.png 36w, https:\/\/pruebaconunasonrisa.org\/wp-content\/uploads\/2025\/02\/image-48x45.png 48w\" sizes=\"auto, (max-width: 684px) 100vw, 684px\" \/><\/figure>\n\n\n\n<figure class=\"wp-block-image size-large\"><img loading=\"lazy\" decoding=\"async\" width=\"1024\" height=\"768\" src=\"https:\/\/pruebaconunasonrisa.org\/wp-content\/uploads\/2020\/04\/sandra-1024x768.jpg\" alt=\"\" class=\"wp-image-66\" srcset=\"https:\/\/pruebaconunasonrisa.org\/wp-content\/uploads\/2020\/04\/sandra-1024x768.jpg 1024w, https:\/\/pruebaconunasonrisa.org\/wp-content\/uploads\/2020\/04\/sandra-300x225.jpg 300w, https:\/\/pruebaconunasonrisa.org\/wp-content\/uploads\/2020\/04\/sandra-768x576.jpg 768w, https:\/\/pruebaconunasonrisa.org\/wp-content\/uploads\/2020\/04\/sandra-1536x1152.jpg 1536w, https:\/\/pruebaconunasonrisa.org\/wp-content\/uploads\/2020\/04\/sandra-685x514.jpg 685w, https:\/\/pruebaconunasonrisa.org\/wp-content\/uploads\/2020\/04\/sandra.jpg 1600w\" sizes=\"auto, (max-width: 1024px) 100vw, 1024px\" \/><\/figure>\n\n\n\n<figure class=\"wp-block-image size-large\"><img loading=\"lazy\" decoding=\"async\" width=\"1024\" height=\"683\" src=\"https:\/\/pruebaconunasonrisa.org\/wp-content\/uploads\/2020\/04\/Dario-Rodriguez16-1024x683.jpg\" alt=\"\" class=\"wp-image-67\" srcset=\"https:\/\/pruebaconunasonrisa.org\/wp-content\/uploads\/2020\/04\/Dario-Rodriguez16-1024x683.jpg 1024w, https:\/\/pruebaconunasonrisa.org\/wp-content\/uploads\/2020\/04\/Dario-Rodriguez16-300x200.jpg 300w, https:\/\/pruebaconunasonrisa.org\/wp-content\/uploads\/2020\/04\/Dario-Rodriguez16-768x512.jpg 768w, https:\/\/pruebaconunasonrisa.org\/wp-content\/uploads\/2020\/04\/Dario-Rodriguez16-685x457.jpg 685w, https:\/\/pruebaconunasonrisa.org\/wp-content\/uploads\/2020\/04\/Dario-Rodriguez16-342x228.jpg 342w, https:\/\/pruebaconunasonrisa.org\/wp-content\/uploads\/2020\/04\/Dario-Rodriguez16.jpg 1152w\" sizes=\"auto, (max-width: 1024px) 100vw, 1024px\" \/><\/figure>\n\n\n\n<figure class=\"wp-block-image\"><img decoding=\"async\" src=\"https:\/\/scontent-cdg2-1.xx.fbcdn.net\/v\/t1.0-9\/85207779_849434348837729_3835735245089406976_n.jpg?_nc_cat=104&amp;_nc_sid=110474&amp;_nc_ohc=a3u7a9CULaMAX8RJbqY&amp;_nc_ht=scontent-cdg2-1.xx&amp;oh=ae30431e1742d771d66efd56bd7ee056&amp;oe=5F0981F5\" alt=\"La imagen puede contener: 12 personas, interior\"\/><\/figure>\n\n\n\n<figure class=\"wp-block-image\"><img decoding=\"async\" src=\"https:\/\/scontent-cdt1-1.xx.fbcdn.net\/v\/t1.0-9\/73175797_769066936874471_5691742939001126912_n.jpg?_nc_cat=110&amp;_nc_sid=110474&amp;_nc_ohc=gJu5uOKr3NMAX8KWl8F&amp;_nc_ht=scontent-cdt1-1.xx&amp;oh=a7a8110c5fb641706b0acfab5b361c4e&amp;oe=5F085D20\" alt=\"La imagen puede contener: 16 personas, personas sonriendo, personas de pie y calzado\"\/><\/figure>\n","protected":false},"excerpt":{"rendered":"<p>Desde hace ya mucho tiempo, en \u201cPrueba con una sonrisa\u201d estamos convencidos de que una parte muy importante de la ayuda en lo respectivo al c\u00e1ncer es la difusi\u00f3n y concienciaci\u00f3n. Por ello y siguiendo el ejemplo de otras entidades como www.aaacancer.org nos hemos propuesto dar a conocer a los m\u00e1s j\u00f3venes en colegios, institutos &hellip; <a href=\"https:\/\/pruebaconunasonrisa.org\/index.php\/que-hacemos\/charlas-y-conferencias\/\" class=\"more-link\">Seguir leyendo <span class=\"screen-reader-text\">Charlas y conferencias<\/span><\/a><\/p>\n","protected":false},"author":1,"featured_media":0,"parent":17,"menu_order":0,"comment_status":"closed","ping_status":"closed","template":"","meta":{"footnotes":""},"class_list":["post-65","page","type-page","status-publish","hentry"],"_links":{"self":[{"href":"https:\/\/pruebaconunasonrisa.org\/index.php\/wp-json\/wp\/v2\/pages\/65","targetHints":{"allow":["GET"]}}],"collection":[{"href":"https:\/\/pruebaconunasonrisa.org\/index.php\/wp-json\/wp\/v2\/pages"}],"about":[{"href":"https:\/\/pruebaconunasonrisa.org\/index.php\/wp-json\/wp\/v2\/types\/page"}],"author":[{"embeddable":true,"href":"https:\/\/pruebaconunasonrisa.org\/index.php\/wp-json\/wp\/v2\/users\/1"}],"replies":[{"embeddable":true,"href":"https:\/\/pruebaconunasonrisa.org\/index.php\/wp-json\/wp\/v2\/comments?post=65"}],"version-history":[{"count":8,"href":"https:\/\/pruebaconunasonrisa.org\/index.php\/wp-json\/wp\/v2\/pages\/65\/revisions"}],"predecessor-version":[{"id":224,"href":"https:\/\/pruebaconunasonrisa.org\/index.php\/wp-json\/wp\/v2\/pages\/65\/revisions\/224"}],"up":[{"embeddable":true,"href":"https:\/\/pruebaconunasonrisa.org\/index.php\/wp-json\/wp\/v2\/pages\/17"}],"wp:attachment":[{"href":"https:\/\/pruebaconunasonrisa.org\/index.php\/wp-json\/wp\/v2\/media?parent=65"}],"curies":[{"name":"wp","href":"https:\/\/api.w.org\/{rel}","templated":true}]}}