{"id":21,"date":"2020-04-10T09:27:28","date_gmt":"2020-04-10T09:27:28","guid":{"rendered":"https:\/\/pruebaconunasonrisa.org\/?page_id=21"},"modified":"2025-02-07T22:58:32","modified_gmt":"2025-02-07T22:58:32","slug":"contacto","status":"publish","type":"page","link":"https:\/\/pruebaconunasonrisa.org\/index.php\/contacto\/","title":{"rendered":"Contacto"},"content":{"rendered":"\n<p class=\"has-text-align-left\">Si quieres ponerte en contacto con nosotros no dudes hacerlo a trav\u00e9s del siguiente formulario, con un mensaje al correo electr\u00f3nico<strong> info@pruebaconunasonrisa.org<\/strong> o a trav\u00e9s del WhatsApp <strong>616887133<\/strong><\/p>\n\n\n<div class=\"wpforms-container wpforms-container-full wpforms-block wpforms-block-635cab02-ede2-4a39-871b-8ffa139b4e67 wpforms-render-modern\" id=\"wpforms-172\"><form id=\"wpforms-form-172\" class=\"wpforms-validate wpforms-form wpforms-ajax-form\" data-formid=\"172\" method=\"post\" enctype=\"multipart\/form-data\" action=\"\/index.php\/wp-json\/wp\/v2\/pages\/21\" data-token=\"63fe63dd34da5e10596340acf7e133a2\" data-token-time=\"1777618236\"><noscript class=\"wpforms-error-noscript\">Por favor, activa JavaScript en tu navegador para completar este formulario.<\/noscript><div class=\"wpforms-hidden\" id=\"wpforms-error-noscript\">Por favor, activa JavaScript en tu navegador para completar este formulario.<\/div><div class=\"wpforms-field-container\"><div id=\"wpforms-172-field_1-container\" class=\"wpforms-field wpforms-field-name\" data-field-id=\"1\"><fieldset><legend class=\"wpforms-field-label\">Nombre <span class=\"wpforms-required-label\" aria-hidden=\"true\">*<\/span><\/legend><div class=\"wpforms-field-row wpforms-field-medium\"><div class=\"wpforms-field-row-block wpforms-first wpforms-one-half\"><input type=\"text\" id=\"wpforms-172-field_1\" class=\"wpforms-field-name-first wpforms-field-required\" name=\"wpforms[fields][1][first]\" aria-errormessage=\"wpforms-172-field_1-error\" required><label for=\"wpforms-172-field_1\" class=\"wpforms-field-sublabel after\">Nombre<\/label><\/div><div class=\"wpforms-field-row-block wpforms-one-half\"><input type=\"text\" id=\"wpforms-172-field_1-last\" class=\"wpforms-field-name-last wpforms-field-required\" name=\"wpforms[fields][1][last]\" aria-errormessage=\"wpforms-172-field_1-last-error\" required><label for=\"wpforms-172-field_1-last\" class=\"wpforms-field-sublabel after\">Apellidos<\/label><\/div><\/div><\/fieldset><\/div><div id=\"wpforms-172-field_2-container\" class=\"wpforms-field wpforms-field-email\" data-field-id=\"2\"><label class=\"wpforms-field-label\" for=\"wpforms-172-field_2\">Correo electr\u00f3nico <span class=\"wpforms-required-label\" aria-hidden=\"true\">*<\/span><\/label><input type=\"email\" id=\"wpforms-172-field_2\" class=\"wpforms-field-medium wpforms-field-required\" name=\"wpforms[fields][2]\" spellcheck=\"false\" aria-errormessage=\"wpforms-172-field_2-error\" required><\/div><div id=\"wpforms-172-field_3-container\" class=\"wpforms-field wpforms-field-textarea\" data-field-id=\"3\"><label class=\"wpforms-field-label\" for=\"wpforms-172-field_3\">Comentario o mensaje<\/label><textarea id=\"wpforms-172-field_3\" class=\"wpforms-field-medium\" name=\"wpforms[fields][3]\" aria-errormessage=\"wpforms-172-field_3-error\" ><\/textarea><\/div><\/div><!-- .wpforms-field-container --><div class=\"wpforms-submit-container\" ><input type=\"hidden\" name=\"wpforms[id]\" value=\"172\"><input type=\"hidden\" name=\"page_title\" value=\"\"><input type=\"hidden\" name=\"page_url\" value=\"https:\/\/pruebaconunasonrisa.org\/index.php\/wp-json\/wp\/v2\/pages\/21\"><button type=\"submit\" name=\"wpforms[submit]\" id=\"wpforms-submit-172\" class=\"wpforms-submit\" data-alt-text=\"Enviando...\" data-submit-text=\"Enviar\" aria-live=\"assertive\" value=\"wpforms-submit\">Enviar<\/button><img loading=\"lazy\" decoding=\"async\" src=\"https:\/\/pruebaconunasonrisa.org\/wp-content\/plugins\/wpforms-lite\/assets\/images\/submit-spin.svg\" class=\"wpforms-submit-spinner\" style=\"display: none;\" width=\"26\" height=\"26\" alt=\"Cargando\"><\/div><\/form><\/div>  <!-- .wpforms-container -->","protected":false},"excerpt":{"rendered":"<p>Si quieres ponerte en contacto con nosotros no dudes hacerlo a trav\u00e9s del siguiente formulario, con un mensaje al correo electr\u00f3nico info@pruebaconunasonrisa.org o a trav\u00e9s del WhatsApp 616887133<\/p>\n","protected":false},"author":1,"featured_media":0,"parent":0,"menu_order":3,"comment_status":"closed","ping_status":"closed","template":"","meta":{"footnotes":""},"class_list":["post-21","page","type-page","status-publish","hentry"],"_links":{"self":[{"href":"https:\/\/pruebaconunasonrisa.org\/index.php\/wp-json\/wp\/v2\/pages\/21","targetHints":{"allow":["GET"]}}],"collection":[{"href":"https:\/\/pruebaconunasonrisa.org\/index.php\/wp-json\/wp\/v2\/pages"}],"about":[{"href":"https:\/\/pruebaconunasonrisa.org\/index.php\/wp-json\/wp\/v2\/types\/page"}],"author":[{"embeddable":true,"href":"https:\/\/pruebaconunasonrisa.org\/index.php\/wp-json\/wp\/v2\/users\/1"}],"replies":[{"embeddable":true,"href":"https:\/\/pruebaconunasonrisa.org\/index.php\/wp-json\/wp\/v2\/comments?post=21"}],"version-history":[{"count":4,"href":"https:\/\/pruebaconunasonrisa.org\/index.php\/wp-json\/wp\/v2\/pages\/21\/revisions"}],"predecessor-version":[{"id":180,"href":"https:\/\/pruebaconunasonrisa.org\/index.php\/wp-json\/wp\/v2\/pages\/21\/revisions\/180"}],"wp:attachment":[{"href":"https:\/\/pruebaconunasonrisa.org\/index.php\/wp-json\/wp\/v2\/media?parent=21"}],"curies":[{"name":"wp","href":"https:\/\/api.w.org\/{rel}","templated":true}]}}