{"id":135,"date":"2020-06-16T18:33:37","date_gmt":"2020-06-16T18:33:37","guid":{"rendered":"https:\/\/pruebaconunasonrisa.org\/?page_id=135"},"modified":"2020-06-16T18:33:38","modified_gmt":"2020-06-16T18:33:38","slug":"san-silvestre-de-tineo-2019","status":"publish","type":"page","link":"https:\/\/pruebaconunasonrisa.org\/index.php\/san-silvestre-de-tineo-2019\/","title":{"rendered":"San Silvestre de Tineo 2019"},"content":{"rendered":"\n<p>Para despedir el 2019 la Asociaci\u00f3n \u00abPrueba con una sonrisa\u00bb colabor\u00f3 con con el Club de Atletismo de Tineo y junto a un gran n\u00famero de alumnos\/as del IES de Tineo a trav\u00e9s de la realizaci\u00f3n de entrenamientos, organizaci\u00f3n de la carrera y otros aspectos.<\/p>\n\n\n\n<figure class=\"wp-block-image\"><img decoding=\"async\" src=\"https:\/\/scontent-cdt1-1.xx.fbcdn.net\/v\/t1.0-9\/81604029_819986998449131_8339854769661149184_n.jpg?_nc_cat=103&amp;_nc_sid=110474&amp;_nc_ohc=j_22S1gI0qUAX-a2X6U&amp;_nc_ht=scontent-cdt1-1.xx&amp;oh=0a66c3f9767dbb441c1e39567a4ab268&amp;oe=5F0CCF7A\" alt=\"La imagen puede contener: 3 personas, personas sonriendo, personas de pie\"\/><\/figure>\n\n\n\n<figure class=\"wp-block-image\"><img decoding=\"async\" src=\"https:\/\/scontent-cdt1-1.xx.fbcdn.net\/v\/t1.0-9\/81902857_819987055115792_6481281361071046656_n.jpg?_nc_cat=105&amp;_nc_sid=110474&amp;_nc_ohc=SUZGpVloRP0AX9NxSip&amp;_nc_ht=scontent-cdt1-1.xx&amp;oh=5ae2d4f736d5eb0bf2ae9d3231e33018&amp;oe=5F1002FB\" alt=\"La imagen puede contener: una persona, exterior\"\/><\/figure>\n","protected":false},"excerpt":{"rendered":"<p>Para despedir el 2019 la Asociaci\u00f3n \u00abPrueba con una sonrisa\u00bb colabor\u00f3 con con el Club de Atletismo de Tineo y junto a un gran n\u00famero de alumnos\/as del IES de Tineo a trav\u00e9s de la realizaci\u00f3n de entrenamientos, organizaci\u00f3n de la carrera y otros aspectos.<\/p>\n","protected":false},"author":1,"featured_media":0,"parent":0,"menu_order":0,"comment_status":"closed","ping_status":"closed","template":"","meta":{"footnotes":""},"class_list":["post-135","page","type-page","status-publish","hentry"],"_links":{"self":[{"href":"https:\/\/pruebaconunasonrisa.org\/index.php\/wp-json\/wp\/v2\/pages\/135","targetHints":{"allow":["GET"]}}],"collection":[{"href":"https:\/\/pruebaconunasonrisa.org\/index.php\/wp-json\/wp\/v2\/pages"}],"about":[{"href":"https:\/\/pruebaconunasonrisa.org\/index.php\/wp-json\/wp\/v2\/types\/page"}],"author":[{"embeddable":true,"href":"https:\/\/pruebaconunasonrisa.org\/index.php\/wp-json\/wp\/v2\/users\/1"}],"replies":[{"embeddable":true,"href":"https:\/\/pruebaconunasonrisa.org\/index.php\/wp-json\/wp\/v2\/comments?post=135"}],"version-history":[{"count":1,"href":"https:\/\/pruebaconunasonrisa.org\/index.php\/wp-json\/wp\/v2\/pages\/135\/revisions"}],"predecessor-version":[{"id":136,"href":"https:\/\/pruebaconunasonrisa.org\/index.php\/wp-json\/wp\/v2\/pages\/135\/revisions\/136"}],"wp:attachment":[{"href":"https:\/\/pruebaconunasonrisa.org\/index.php\/wp-json\/wp\/v2\/media?parent=135"}],"curies":[{"name":"wp","href":"https:\/\/api.w.org\/{rel}","templated":true}]}}